{"id":62,"date":"2020-08-31T18:49:36","date_gmt":"2020-08-31T16:49:36","guid":{"rendered":"http:\/\/www.jptt-vitale.eu\/?page_id=62"},"modified":"2023-02-22T20:28:13","modified_gmt":"2023-02-22T19:28:13","slug":"les-missions-phares-realisees","status":"publish","type":"page","link":"https:\/\/old.jptt-vitale.eu\/index.php\/nos-references\/les-missions-phares-realisees\/","title":{"rendered":"Les missions phares r\u00e9alis\u00e9es"},"content":{"rendered":"[vc_row type=\u00a0\u00bbin_container\u00a0\u00bb full_screen_row_position=\u00a0\u00bbmiddle\u00a0\u00bb column_margin=\u00a0\u00bbdefault\u00a0\u00bb column_direction=\u00a0\u00bbdefault\u00a0\u00bb column_direction_tablet=\u00a0\u00bbdefault\u00a0\u00bb column_direction_phone=\u00a0\u00bbdefault\u00a0\u00bb scene_position=\u00a0\u00bbcenter\u00a0\u00bb text_color=\u00a0\u00bbdark\u00a0\u00bb text_align=\u00a0\u00bbleft\u00a0\u00bb row_border_radius=\u00a0\u00bbnone\u00a0\u00bb row_border_radius_applies=\u00a0\u00bbbg\u00a0\u00bb overlay_strength=\u00a0\u00bb0.3&Prime; gradient_direction=\u00a0\u00bbleft_to_right\u00a0\u00bb shape_divider_position=\u00a0\u00bbbottom\u00a0\u00bb bg_image_animation=\u00a0\u00bbnone\u00a0\u00bb shape_type=\u00a0\u00bb\u00a0\u00bb][vc_column column_padding=\u00a0\u00bbpadding-5-percent\u00a0\u00bb column_padding_tablet=\u00a0\u00bbinherit\u00a0\u00bb column_padding_phone=\u00a0\u00bbinherit\u00a0\u00bb column_padding_position=\u00a0\u00bball\u00a0\u00bb background_color_opacity=\u00a0\u00bb1&Prime; background_hover_color_opacity=\u00a0\u00bb1&Prime; column_shadow=\u00a0\u00bbnone\u00a0\u00bb column_border_radius=\u00a0\u00bbnone\u00a0\u00bb column_link_target=\u00a0\u00bb_self\u00a0\u00bb gradient_direction=\u00a0\u00bbleft_to_right\u00a0\u00bb overlay_strength=\u00a0\u00bb0.3&Prime; width=\u00a0\u00bb1\/1&Prime; tablet_width_inherit=\u00a0\u00bbdefault\u00a0\u00bb tablet_text_alignment=\u00a0\u00bbdefault\u00a0\u00bb phone_text_alignment=\u00a0\u00bbdefault\u00a0\u00bb column_border_width=\u00a0\u00bbnone\u00a0\u00bb column_border_style=\u00a0\u00bbsolid\u00a0\u00bb bg_image_animation=\u00a0\u00bbnone\u00a0\u00bb][vc_custom_heading source=\u00a0\u00bbpost_title\u00a0\u00bb font_container=\u00a0\u00bbtag:h2|text_align:center\u00a0\u00bb use_theme_fonts=\u00a0\u00bbyes\u00a0\u00bb css_animation=\u00a0\u00bbbottom-to-top\u00a0\u00bb][divider line_type=\u00a0\u00bbSmall Line\u00a0\u00bb line_alignment=\u00a0\u00bbcenter\u00a0\u00bb line_thickness=\u00a0\u00bb2&Prime; divider_color=\u00a0\u00bbaccent-color\u00a0\u00bb animate=\u00a0\u00bbyes\u00a0\u00bb custom_height=\u00a0\u00bb75&Prime;][vc_column_text css=\u00a0\u00bb.vc_custom_1599083983835{margin-bottom: 30px !important;}\u00a0\u00bb]Sans pouvoir fournir une liste exhaustive capable de r\u00e9sumer plusieurs d\u00e9cennies d\u2019activit\u00e9 professionnelle, ni avoir le droit de d\u00e9voiler le nom des personnes et entit\u00e9s conseill\u00e9es, les r\u00e9f\u00e9rences suivantes peuvent \u00eatre fournies :[\/vc_column_text]<div class=\"nectar-fancy-ul\" data-list-icon=\"dot\" data-animation=\"true\" data-animation-delay=\"0\" data-spacing=\"10px\" data-alignment=\"left\"> \n<ul>\n<li>Non-lieu obtenu apr\u00e8s une enqu\u00eate de 8 ann\u00e9es, conduite par l\u2019Autorit\u00e9 de la concurrence<\/li>\n<li>Classement de plusieurs proc\u00e9dures engag\u00e9es pour abus de position dominante, dont l&rsquo;une via la pr\u00e9sentation d&rsquo;engagements comportementaux<\/li>\n<li>Classement sans suite de proc\u00e9dures engag\u00e9es par la Commission europ\u00e9enne<\/li>\n<li>Gestion de proc\u00e9dures complexes devant les autorit\u00e9s et juridictions nationales et europ\u00e9ennes pour un grand groupe alimentaire mondial<\/li>\n<li>Repr\u00e9sentation d\u2019un grand groupe bancaire accus\u00e9 de participation \u00e0 un cartel international<\/li>\n<li>Conseils \u00e0 de grandes entreprises des secteurs de l\u2019\u00e9nergie, des transports, des communications \u00e9lectroniques ou de la pharmacie, confront\u00e9es \u00e0 des enjeux d\u2019organisation, de r\u00e9gulation et de gestion de leurs relations avec les autorit\u00e9s publiques, leurs partenaires commerciaux ou leurs concurrents.<\/li>\n<li>Conduite de contentieux complexe devant les juridictions fran\u00e7aises et europ\u00e9ennes.<\/li>\n<\/ul>\n <\/div>[vc_column_text]<strong>Pour des raisons de confidentialit\u00e9, nous ne pouvons pas identifier plus pr\u00e9cis\u00e9ment nos missions et nos clients.<\/strong><\/p>\n<p>Nous traiterons notre relation dans le m\u00eame souci de respecter notre secret professionnel.[\/vc_column_text][\/vc_column][\/vc_row]\n","protected":false},"excerpt":{"rendered":"<p>[vc_row type=\u00a0\u00bbin_container\u00a0\u00bb full_screen_row_position=\u00a0\u00bbmiddle\u00a0\u00bb column_margin=\u00a0\u00bbdefault\u00a0\u00bb column_direction=\u00a0\u00bbdefault\u00a0\u00bb column_direction_tablet=\u00a0\u00bbdefault\u00a0\u00bb column_direction_phone=\u00a0\u00bbdefault\u00a0\u00bb scene_position=\u00a0\u00bbcenter\u00a0\u00bb text_color=\u00a0\u00bbdark\u00a0\u00bb text_align=\u00a0\u00bbleft\u00a0\u00bb row_border_radius=\u00a0\u00bbnone\u00a0\u00bb row_border_radius_applies=\u00a0\u00bbbg\u00a0\u00bb overlay_strength=\u00a0\u00bb0.3&Prime; gradient_direction=\u00a0\u00bbleft_to_right\u00a0\u00bb shape_divider_position=\u00a0\u00bbbottom\u00a0\u00bb bg_image_animation=\u00a0\u00bbnone\u00a0\u00bb shape_type=\u00a0\u00bb\u00a0\u00bb][vc_column column_padding=\u00a0\u00bbpadding-5-percent\u00a0\u00bb column_padding_tablet=\u00a0\u00bbinherit\u00a0\u00bb column_padding_phone=\u00a0\u00bbinherit\u00a0\u00bb column_padding_position=\u00a0\u00bball\u00a0\u00bb background_color_opacity=\u00a0\u00bb1&Prime; background_hover_color_opacity=\u00a0\u00bb1&Prime; column_shadow=\u00a0\u00bbnone\u00a0\u00bb column_border_radius=\u00a0\u00bbnone\u00a0\u00bb column_link_target=\u00a0\u00bb_self\u00a0\u00bb gradient_direction=\u00a0\u00bbleft_to_right\u00a0\u00bb overlay_strength=\u00a0\u00bb0.3&Prime; width=\u00a0\u00bb1\/1&Prime; tablet_width_inherit=\u00a0\u00bbdefault\u00a0\u00bb&#8230;<\/p>\n","protected":false},"author":1,"featured_media":0,"parent":42,"menu_order":0,"comment_status":"closed","ping_status":"closed","template":"","meta":{"footnotes":""},"class_list":["post-62","page","type-page","status-publish"],"_links":{"self":[{"href":"https:\/\/old.jptt-vitale.eu\/index.php\/wp-json\/wp\/v2\/pages\/62"}],"collection":[{"href":"https:\/\/old.jptt-vitale.eu\/index.php\/wp-json\/wp\/v2\/pages"}],"about":[{"href":"https:\/\/old.jptt-vitale.eu\/index.php\/wp-json\/wp\/v2\/types\/page"}],"author":[{"embeddable":true,"href":"https:\/\/old.jptt-vitale.eu\/index.php\/wp-json\/wp\/v2\/users\/1"}],"replies":[{"embeddable":true,"href":"https:\/\/old.jptt-vitale.eu\/index.php\/wp-json\/wp\/v2\/comments?post=62"}],"version-history":[{"count":17,"href":"https:\/\/old.jptt-vitale.eu\/index.php\/wp-json\/wp\/v2\/pages\/62\/revisions"}],"predecessor-version":[{"id":414,"href":"https:\/\/old.jptt-vitale.eu\/index.php\/wp-json\/wp\/v2\/pages\/62\/revisions\/414"}],"up":[{"embeddable":true,"href":"https:\/\/old.jptt-vitale.eu\/index.php\/wp-json\/wp\/v2\/pages\/42"}],"wp:attachment":[{"href":"https:\/\/old.jptt-vitale.eu\/index.php\/wp-json\/wp\/v2\/media?parent=62"}],"curies":[{"name":"wp","href":"https:\/\/api.w.org\/{rel}","templated":true}]}}