{"id":59,"date":"2020-08-31T18:49:11","date_gmt":"2020-08-31T16:49:11","guid":{"rendered":"http:\/\/www.jptt-vitale.eu\/?page_id=59"},"modified":"2023-02-22T20:04:42","modified_gmt":"2023-02-22T19:04:42","slug":"le-parcours-des-associes","status":"publish","type":"page","link":"https:\/\/old.jptt-vitale.eu\/index.php\/nos-references\/le-parcours-des-associes\/","title":{"rendered":"Le parcours des Associ\u00e9s"},"content":{"rendered":"[vc_row type=\u00a0\u00bbin_container\u00a0\u00bb full_screen_row_position=\u00a0\u00bbmiddle\u00a0\u00bb column_margin=\u00a0\u00bbdefault\u00a0\u00bb column_direction=\u00a0\u00bbdefault\u00a0\u00bb column_direction_tablet=\u00a0\u00bbdefault\u00a0\u00bb column_direction_phone=\u00a0\u00bbdefault\u00a0\u00bb scene_position=\u00a0\u00bbcenter\u00a0\u00bb top_padding=\u00a0\u00bb5%\u00a0\u00bb text_color=\u00a0\u00bbdark\u00a0\u00bb text_align=\u00a0\u00bbleft\u00a0\u00bb row_border_radius=\u00a0\u00bbnone\u00a0\u00bb row_border_radius_applies=\u00a0\u00bbbg\u00a0\u00bb overlay_strength=\u00a0\u00bb0.3&Prime; gradient_direction=\u00a0\u00bbleft_to_right\u00a0\u00bb shape_divider_position=\u00a0\u00bbbottom\u00a0\u00bb bg_image_animation=\u00a0\u00bbnone\u00a0\u00bb shape_type=\u00a0\u00bb\u00a0\u00bb][vc_column column_padding=\u00a0\u00bbpadding-5-percent\u00a0\u00bb column_padding_tablet=\u00a0\u00bbinherit\u00a0\u00bb column_padding_phone=\u00a0\u00bbinherit\u00a0\u00bb column_padding_position=\u00a0\u00bbleft-right\u00a0\u00bb background_color_opacity=\u00a0\u00bb1&Prime; background_hover_color_opacity=\u00a0\u00bb1&Prime; column_shadow=\u00a0\u00bbnone\u00a0\u00bb column_border_radius=\u00a0\u00bbnone\u00a0\u00bb column_link_target=\u00a0\u00bb_self\u00a0\u00bb gradient_direction=\u00a0\u00bbleft_to_right\u00a0\u00bb overlay_strength=\u00a0\u00bb0.3&Prime; width=\u00a0\u00bb1\/1&Prime; tablet_width_inherit=\u00a0\u00bbdefault\u00a0\u00bb tablet_text_alignment=\u00a0\u00bbdefault\u00a0\u00bb phone_text_alignment=\u00a0\u00bbdefault\u00a0\u00bb column_border_width=\u00a0\u00bbnone\u00a0\u00bb column_border_style=\u00a0\u00bbsolid\u00a0\u00bb bg_image_animation=\u00a0\u00bbnone\u00a0\u00bb][vc_custom_heading source=\u00a0\u00bbpost_title\u00a0\u00bb font_container=\u00a0\u00bbtag:h2|text_align:center\u00a0\u00bb use_theme_fonts=\u00a0\u00bbyes\u00a0\u00bb][divider line_type=\u00a0\u00bbSmall Line\u00a0\u00bb line_alignment=\u00a0\u00bbcenter\u00a0\u00bb line_thickness=\u00a0\u00bb2&Prime; divider_color=\u00a0\u00bbaccent-color\u00a0\u00bb animate=\u00a0\u00bbyes\u00a0\u00bb custom_height=\u00a0\u00bb75&Prime; custom_line_width=\u00a0\u00bb150&Prime;][\/vc_column][\/vc_row][vc_row type=\u00a0\u00bbfull_width_background\u00a0\u00bb full_screen_row_position=\u00a0\u00bbmiddle\u00a0\u00bb column_margin=\u00a0\u00bbdefault\u00a0\u00bb column_direction=\u00a0\u00bbdefault\u00a0\u00bb column_direction_tablet=\u00a0\u00bbdefault\u00a0\u00bb column_direction_phone=\u00a0\u00bbdefault\u00a0\u00bb scene_position=\u00a0\u00bbcenter\u00a0\u00bb bottom_padding=\u00a0\u00bb7%\u00a0\u00bb text_color=\u00a0\u00bbdark\u00a0\u00bb text_align=\u00a0\u00bbleft\u00a0\u00bb row_border_radius=\u00a0\u00bbnone\u00a0\u00bb row_border_radius_applies=\u00a0\u00bbbg\u00a0\u00bb overlay_strength=\u00a0\u00bb0.3&Prime; gradient_direction=\u00a0\u00bbleft_to_right\u00a0\u00bb shape_divider_position=\u00a0\u00bbbottom\u00a0\u00bb bg_image_animation=\u00a0\u00bbnone\u00a0\u00bb shape_type=\u00a0\u00bb\u00a0\u00bb][vc_column column_padding=\u00a0\u00bbno-extra-padding\u00a0\u00bb column_padding_tablet=\u00a0\u00bbinherit\u00a0\u00bb column_padding_phone=\u00a0\u00bbinherit\u00a0\u00bb column_padding_position=\u00a0\u00bball\u00a0\u00bb top_margin=\u00a0\u00bb-75px\u00a0\u00bb background_color_opacity=\u00a0\u00bb1&Prime; background_hover_color_opacity=\u00a0\u00bb1&Prime; column_shadow=\u00a0\u00bbnone\u00a0\u00bb column_border_radius=\u00a0\u00bbnone\u00a0\u00bb column_link_target=\u00a0\u00bb_self\u00a0\u00bb gradient_direction=\u00a0\u00bbleft_to_right\u00a0\u00bb overlay_strength=\u00a0\u00bb0.3&Prime; width=\u00a0\u00bb1\/1&Prime; tablet_width_inherit=\u00a0\u00bbdefault\u00a0\u00bb tablet_text_alignment=\u00a0\u00bbdefault\u00a0\u00bb phone_text_alignment=\u00a0\u00bbdefault\u00a0\u00bb column_border_width=\u00a0\u00bbnone\u00a0\u00bb column_border_style=\u00a0\u00bbsolid\u00a0\u00bb bg_image_animation=\u00a0\u00bbnone\u00a0\u00bb][carousel script=\u00a0\u00bbowl_carousel\u00a0\u00bb desktop_cols=\u00a0\u00bb3&Prime; desktop_small_cols=\u00a0\u00bb3&Prime; tablet_cols=\u00a0\u00bb2&Prime; mobile_cols=\u00a0\u00bb1&Prime; column_padding=\u00a0\u00bb20px\u00a0\u00bb autorotate=\u00a0\u00bbtrue\u00a0\u00bb autorotation_speed=\u00a0\u00bb6000&Prime;][item id=\u00a0\u00bb1677092001984-7&Prime; title=\u00a0\u00bbItem\u00a0\u00bb tab_id=\u00a0\u00bb1677092001985-2&Prime;][team_member image_url=\u00a0\u00bb252&Prime; bio_alt_image_url=\u00a0\u00bb555&Prime; team_memeber_style=\u00a0\u00bbbio_fullscreen_alt\u00a0\u00bb image_loading=\u00a0\u00bbdefault\u00a0\u00bb name=\u00a0\u00bbJean-Paul TRAN-THIET\u00a0\u00bb job_position=\u00a0\u00bbFondateur JPTT &amp; Partners\u00a0\u00bb team_member_bio=\u00a0\u00bb- \u00catre entr\u00e9 tr\u00e8s t\u00f4t dans la \u00ab marmite \u00bb europ\u00e9enne apprend \u00e0 g\u00e9rer les complexit\u00e9s li\u00e9es, par exemple, aux nationalit\u00e9s, aux positionnements fonctionnels ou hi\u00e9rarchiques et aux contraintes politiques.<\/p>\n<p>&#8211; C\u00f4toyer de pr\u00e8s des femmes et hommes politiques de premier plan permet de mieux percevoir l&rsquo;importance de la hauteur de vue, mais aussi la n\u00e9cessit\u00e9 de ne pas se focaliser essentiellement sur le court terme ;<\/p>\n<p>&#8211; S\u2019impliquer dans des n\u00e9gociations internationales d\u00e9licates et des contentieux lourds pour des entreprises priv\u00e9es ou publiques expos\u00e9es \u00e0 de grands d\u00e9fis internationaux permet d\u2019acqu\u00e9rir un savoir-faire technique et tactique \u00e0 concilier avec la bonne perception des enjeux strat\u00e9giques ;<\/p>\n<p>&#8211; Conserver la disponibilit\u00e9 n\u00e9cessaire pour s\u2019impliquer dans de nombreuses activit\u00e9s b\u00e9n\u00e9voles (Institut Montaigne, Avenir-Transports, Association fran\u00e7aise de droit de l\u2019\u00e9nergie, Club XXIe Si\u00e8cle, pour ne citer que les plus connus) permet de conserver l&rsquo;ouverture indispensable \u00e0 l&rsquo;appr\u00e9hension du contexte \u00e9conomique et politique dans lequel \u00e9voluent les entreprises.\u00a0\u00bb][\/item][item id=\u00a0\u00bb1677092002022-10&Prime; title=\u00a0\u00bbItem\u00a0\u00bb tab_id=\u00a0\u00bb1677092002023-10&Prime;][team_member image_url=\u00a0\u00bb194&Prime; team_memeber_style=\u00a0\u00bbbio_fullscreen_alt\u00a0\u00bb image_loading=\u00a0\u00bbdefault\u00a0\u00bb name=\u00a0\u00bbSophie Segond\u00a0\u00bb job_position=\u00a0\u00bbFondatrice SEGOND VITALE\u00a0\u00bb team_member_bio=\u00a0\u00bbApr\u00e8s avoir travaill\u00e9 2 ans au SGCI (devenu SGAE, Secr\u00e9tariat G\u00e9n\u00e9ral pour les Affaires Europ\u00e9ennes), puis aux Editions Juridiques Lefebvre et enfin pour les r\u00e9seaux France D\u00e9fi et Euro D\u00e9fi, Sophie SEGOND est devenue avocate et s&rsquo;est inscrite au Barreau de Paris en 1992 ainsi qu\u2019au Barreau de Milan en 2009. Elle est par ailleurs M\u00e9diatrice agr\u00e9\u00e9e.<\/p>\n<p>Sophie intervient en droit des affaires principalement pour des entreprises italiennes qui souhaitent, s\u2019implanter et se d\u00e9velopper en France. Elle les assiste dans tous leurs besoins dans le cadre d\u2019un <em>Full Legal Service<\/em>, (contrats, baux commerciaux, droit du travail, recouvrement de cr\u00e9ances, etc.) y compris en contentieux.<\/p>\n<p>Sophie accompagne \u00e9galement les entreprises fran\u00e7aises qui souhaitent d\u00e9velopper leurs activit\u00e9s en Italie.<\/p>\n<p>D\u2019origine italienne, elle accompagne ses clients en les aidant non seulement \u00e0 appr\u00e9hender un syst\u00e8me juridique qui peut leur \u00eatre \u00e9tranger mais \u00e9galement en leur apportant une vision interculturelle n\u00e9cessaire pour \u00e9viter les faux pas.\u00a0\u00bb][\/item][item id=\u00a0\u00bb1677092002046-10&Prime; title=\u00a0\u00bbItem\u00a0\u00bb tab_id=\u00a0\u00bb1677092002047-7&Prime;][team_member image_url=\u00a0\u00bb197&Prime; team_memeber_style=\u00a0\u00bbbio_fullscreen_alt\u00a0\u00bb image_loading=\u00a0\u00bbdefault\u00a0\u00bb name=\u00a0\u00bbAndrea VITALE\u00a0\u00bb job_position=\u00a0\u00bbFondateur AVVOCATI VITALE\u00a0\u00bb team_member_bio=\u00a0\u00bbInscrit \u00e0 l\u2019Ordre des Avocats de Milan ainsi qu\u2019\u00e0 celui de Paris, Andrea VITALE est avocat pr\u00e8s de la Cour de Cassation italienne et devant les autres Hautes Juridictions italiennes, Professeur de Droit alimentaire, d\u2019Economie des entreprises et El\u00e9ments de l\u00e9gislation alimentaire, de S\u00e9curit\u00e9 sur le lieu de travail \u00e0 la Facult\u00e9 de Sciences alimentaires et environnementales et \u00e0 la Facult\u00e9 d\u2019Agronomie de l\u2019Universit\u00e9 d\u2019Etat de Milan, il supervise plusieurs Masters pour juristes d\u2019entreprise \u00e0 l\u2019Universit\u00e9 \u201cCatholique du Sacr\u00e9 Coeur\u201d de Milan.<\/p>\n<p>Andrea VITALE est unanimement reconnu pour son expertise en tant que conseil des plus importantes entreprises italiennes et internationales du secteur de l\u2019alimentaire, de la restauration collective et du nettoyage en mati\u00e8re contractuel, social et p\u00e9nal.<\/p>\n<p>Par ailleurs, avec son \u00e9quipe, Andrea participe r\u00e9guli\u00e8rement \u00e0 des op\u00e9rations de fusion-acquisition d&rsquo;entreprises et soci\u00e9t\u00e9s op\u00e9rant dans les domaines de la restauration, du nettoyage et du global service.<\/p>\n<p>Son exp\u00e9rience lui a permis de d\u00e9velopper des comp\u00e9tences sp\u00e9cifiques en mati\u00e8re de march\u00e9s publics ouverts aux entreprises de la restauration, du nettoyage et du global service, de contentieux administratif et des proc\u00e9dures aupr\u00e8s des autorit\u00e9s administratives ANAC (Autorit\u00e9 Nationale Anti-Corruption) et AGECOM (Autorit\u00e9 de Garantie dans les Communications).<\/p>\n<p>Associ\u00e9 dirigeant du cabinet Studio Legale Vitale \u00e0 Milan, il est inscrit aupr\u00e8s du Barreau de Paris depuis 2006 et associ\u00e9 du cabinet JPTT-Vitale &amp; Partners.\u00a0\u00bb][\/item][\/carousel][\/vc_column][\/vc_row]\n","protected":false},"excerpt":{"rendered":"<p>[vc_row type=\u00a0\u00bbin_container\u00a0\u00bb full_screen_row_position=\u00a0\u00bbmiddle\u00a0\u00bb column_margin=\u00a0\u00bbdefault\u00a0\u00bb column_direction=\u00a0\u00bbdefault\u00a0\u00bb column_direction_tablet=\u00a0\u00bbdefault\u00a0\u00bb column_direction_phone=\u00a0\u00bbdefault\u00a0\u00bb scene_position=\u00a0\u00bbcenter\u00a0\u00bb top_padding=\u00a0\u00bb5%\u00a0\u00bb text_color=\u00a0\u00bbdark\u00a0\u00bb text_align=\u00a0\u00bbleft\u00a0\u00bb row_border_radius=\u00a0\u00bbnone\u00a0\u00bb row_border_radius_applies=\u00a0\u00bbbg\u00a0\u00bb overlay_strength=\u00a0\u00bb0.3&Prime; gradient_direction=\u00a0\u00bbleft_to_right\u00a0\u00bb shape_divider_position=\u00a0\u00bbbottom\u00a0\u00bb bg_image_animation=\u00a0\u00bbnone\u00a0\u00bb shape_type=\u00a0\u00bb\u00a0\u00bb][vc_column column_padding=\u00a0\u00bbpadding-5-percent\u00a0\u00bb column_padding_tablet=\u00a0\u00bbinherit\u00a0\u00bb column_padding_phone=\u00a0\u00bbinherit\u00a0\u00bb column_padding_position=\u00a0\u00bbleft-right\u00a0\u00bb background_color_opacity=\u00a0\u00bb1&Prime; background_hover_color_opacity=\u00a0\u00bb1&Prime; column_shadow=\u00a0\u00bbnone\u00a0\u00bb column_border_radius=\u00a0\u00bbnone\u00a0\u00bb column_link_target=\u00a0\u00bb_self\u00a0\u00bb gradient_direction=\u00a0\u00bbleft_to_right\u00a0\u00bb overlay_strength=\u00a0\u00bb0.3&Prime; width=\u00a0\u00bb1\/1&Prime;&#8230;<\/p>\n","protected":false},"author":1,"featured_media":0,"parent":42,"menu_order":0,"comment_status":"closed","ping_status":"closed","template":"","meta":{"footnotes":""},"class_list":["post-59","page","type-page","status-publish"],"_links":{"self":[{"href":"https:\/\/old.jptt-vitale.eu\/index.php\/wp-json\/wp\/v2\/pages\/59"}],"collection":[{"href":"https:\/\/old.jptt-vitale.eu\/index.php\/wp-json\/wp\/v2\/pages"}],"about":[{"href":"https:\/\/old.jptt-vitale.eu\/index.php\/wp-json\/wp\/v2\/types\/page"}],"author":[{"embeddable":true,"href":"https:\/\/old.jptt-vitale.eu\/index.php\/wp-json\/wp\/v2\/users\/1"}],"replies":[{"embeddable":true,"href":"https:\/\/old.jptt-vitale.eu\/index.php\/wp-json\/wp\/v2\/comments?post=59"}],"version-history":[{"count":45,"href":"https:\/\/old.jptt-vitale.eu\/index.php\/wp-json\/wp\/v2\/pages\/59\/revisions"}],"predecessor-version":[{"id":601,"href":"https:\/\/old.jptt-vitale.eu\/index.php\/wp-json\/wp\/v2\/pages\/59\/revisions\/601"}],"up":[{"embeddable":true,"href":"https:\/\/old.jptt-vitale.eu\/index.php\/wp-json\/wp\/v2\/pages\/42"}],"wp:attachment":[{"href":"https:\/\/old.jptt-vitale.eu\/index.php\/wp-json\/wp\/v2\/media?parent=59"}],"curies":[{"name":"wp","href":"https:\/\/api.w.org\/{rel}","templated":true}]}}