{"id":57,"date":"2020-08-31T18:48:44","date_gmt":"2020-08-31T16:48:44","guid":{"rendered":"http:\/\/www.jptt-vitale.eu\/?page_id=57"},"modified":"2020-09-02T23:48:44","modified_gmt":"2020-09-02T21:48:44","slug":"vos-attentes","status":"publish","type":"page","link":"https:\/\/old.jptt-vitale.eu\/index.php\/droits-et-institutions\/vos-attentes\/","title":{"rendered":"Vos attentes"},"content":{"rendered":"[vc_row type=\u00a0\u00bbin_container\u00a0\u00bb full_screen_row_position=\u00a0\u00bbmiddle\u00a0\u00bb column_margin=\u00a0\u00bbdefault\u00a0\u00bb column_direction=\u00a0\u00bbdefault\u00a0\u00bb column_direction_tablet=\u00a0\u00bbdefault\u00a0\u00bb column_direction_phone=\u00a0\u00bbdefault\u00a0\u00bb scene_position=\u00a0\u00bbcenter\u00a0\u00bb text_color=\u00a0\u00bbdark\u00a0\u00bb text_align=\u00a0\u00bbleft\u00a0\u00bb row_border_radius=\u00a0\u00bbnone\u00a0\u00bb row_border_radius_applies=\u00a0\u00bbbg\u00a0\u00bb overlay_strength=\u00a0\u00bb0.3&Prime; gradient_direction=\u00a0\u00bbleft_to_right\u00a0\u00bb shape_divider_position=\u00a0\u00bbbottom\u00a0\u00bb bg_image_animation=\u00a0\u00bbnone\u00a0\u00bb shape_type=\u00a0\u00bb\u00a0\u00bb][vc_column column_padding=\u00a0\u00bbpadding-7-percent\u00a0\u00bb column_padding_tablet=\u00a0\u00bbinherit\u00a0\u00bb column_padding_phone=\u00a0\u00bbinherit\u00a0\u00bb column_padding_position=\u00a0\u00bball\u00a0\u00bb background_color_opacity=\u00a0\u00bb1&Prime; background_hover_color_opacity=\u00a0\u00bb1&Prime; column_shadow=\u00a0\u00bbnone\u00a0\u00bb column_border_radius=\u00a0\u00bbnone\u00a0\u00bb column_link_target=\u00a0\u00bb_self\u00a0\u00bb gradient_direction=\u00a0\u00bbleft_to_right\u00a0\u00bb overlay_strength=\u00a0\u00bb0.3&Prime; width=\u00a0\u00bb1\/1&Prime; tablet_width_inherit=\u00a0\u00bbdefault\u00a0\u00bb tablet_text_alignment=\u00a0\u00bbdefault\u00a0\u00bb phone_text_alignment=\u00a0\u00bbdefault\u00a0\u00bb column_border_width=\u00a0\u00bbnone\u00a0\u00bb column_border_style=\u00a0\u00bbsolid\u00a0\u00bb bg_image_animation=\u00a0\u00bbnone\u00a0\u00bb][vc_custom_heading source=\u00a0\u00bbpost_title\u00a0\u00bb font_container=\u00a0\u00bbtag:h2|text_align:center\u00a0\u00bb use_theme_fonts=\u00a0\u00bbyes\u00a0\u00bb][divider line_type=\u00a0\u00bbSmall Line\u00a0\u00bb line_alignment=\u00a0\u00bbcenter\u00a0\u00bb line_thickness=\u00a0\u00bb2&Prime; divider_color=\u00a0\u00bbaccent-color\u00a0\u00bb animate=\u00a0\u00bbyes\u00a0\u00bb custom_height=\u00a0\u00bb50&Prime;][carousel script=\u00a0\u00bbflickity\u00a0\u00bb flickity_formatting=\u00a0\u00bbdefault\u00a0\u00bb desktop_cols_flickity=\u00a0\u00bb1&Prime; desktop_small_cols_flickity=\u00a0\u00bb1&Prime; tablet_cols_flickity=\u00a0\u00bb1&Prime; flickity_controls=\u00a0\u00bbtouch_total\u00a0\u00bb color=\u00a0\u00bbdefault\u00a0\u00bb flickity_overflow=\u00a0\u00bbhidden\u00a0\u00bb flickity_wrap_around=\u00a0\u00bbwrap\u00a0\u00bb flickity_spacing=\u00a0\u00bbdefault\u00a0\u00bb column_padding=\u00a0\u00bb0&Prime; flickity_adaptive_height=\u00a0\u00bbtrue\u00a0\u00bb border_radius=\u00a0\u00bbnone\u00a0\u00bb][item id=\u00a0\u00bb1599083315886-10&Prime; title=\u00a0\u00bb\u00c9l\u00e9ment\u00a0\u00bb tab_id=\u00a0\u00bb1599083315887-1&Prime;][vc_custom_heading text=\u00a0\u00bbUne relation personnelle avec l\u2019avocat qui conduit effectivement la mission\u00a0\u00bb font_container=\u00a0\u00bbtag:h3|text_align:left\u00a0\u00bb use_theme_fonts=\u00a0\u00bbyes\u00a0\u00bb][divider line_type=\u00a0\u00bbSmall Line\u00a0\u00bb line_alignment=\u00a0\u00bbdefault\u00a0\u00bb line_thickness=\u00a0\u00bb1&Prime; divider_color=\u00a0\u00bbaccent-color\u00a0\u00bb animate=\u00a0\u00bbyes\u00a0\u00bb custom_height=\u00a0\u00bb50&Prime; custom_line_width=\u00a0\u00bb50&Prime;][vc_column_text]La pyramide et le \u00ab leverage \u00bb ne sont pas ce dont vous avez besoin pour anticiper vos enjeux juridiques et institutionnels, les pr\u00e9parer suffisamment \u00e0 l\u2019avance, ordonner leurs priorit\u00e9s et en assurer la coh\u00e9rence. Pour cela, vous avez besoin d\u2019une relation personnelle avec un conseil exp\u00e9riment\u00e9 qui puisse \u00eatre, \u00e0 la fois, bon strat\u00e8ge et bon tacticien.<\/p>\n<h3>Votre relation avec JPTT &#8211; Vitale &amp; Partners vous offrira ces garanties.<\/h3>\n[\/vc_column_text][\/item][item id=\u00a0\u00bb1599083315939-3&Prime; title=\u00a0\u00bb\u00c9l\u00e9ment\u00a0\u00bb tab_id=\u00a0\u00bb1599083315940-9&Prime;][vc_custom_heading text=\u00a0\u00bbUne synergie totale avec vos \u00e9quipes et vos conseils habituels\u00a0\u00bb font_container=\u00a0\u00bbtag:h3|text_align:left\u00a0\u00bb use_theme_fonts=\u00a0\u00bbyes\u00a0\u00bb][divider line_type=\u00a0\u00bbSmall Line\u00a0\u00bb line_alignment=\u00a0\u00bbdefault\u00a0\u00bb line_thickness=\u00a0\u00bb1&Prime; divider_color=\u00a0\u00bbaccent-color\u00a0\u00bb animate=\u00a0\u00bbyes\u00a0\u00bb custom_height=\u00a0\u00bb50&Prime; custom_line_width=\u00a0\u00bb50&Prime;][vc_column_text]Vous avez la plus grande confiance en votre Secr\u00e9taire G\u00e9n\u00e9ral, votre Directeur Juridique et ses \u00e9quipes. Vous \u00eates satisfaits de l\u2019aide que vous apportent vos prestataires habituels, avocats, conseils financiers, consultants et ne voyez pas l\u2019utilit\u00e9 d\u2019ajouter une nouvelle \u00ab dent \u00bb \u00e0 votre r\u00e2teau.<\/p>\n<p>Cependant, vous estimez parfois que vous aimeriez bien les voir \u00e9paul\u00e9s par un professionnel qui n\u2019aurait pas \u00ab le nez sur le guidon \u00bb et serait capable d\u2019apporter une vision d\u2019ensemble, nourrie d\u2019une exp\u00e9rience tr\u00e8s diversifi\u00e9e. Bien entendu, cet accompagnement se ferait en parfaite harmonie, dans le respect des comp\u00e9tences de chacun et avec le souci de jouer des compl\u00e9mentarit\u00e9s, sans esprit de rivalit\u00e9.<\/p>\n<h3>JPTT &#8211; Vitale &amp; Partners pense \u00eatre en mesure de vous apporter ce regard et ces conseils, dans ces conditions.<\/h3>\n[\/vc_column_text][\/item][item id=\u00a0\u00bb1599083315985-9&Prime; title=\u00a0\u00bb\u00c9l\u00e9ment\u00a0\u00bb tab_id=\u00a0\u00bb1599083315986-3&Prime;][vc_custom_heading text=\u00a0\u00bbUne offre d\u2019intervention personnalis\u00e9e\u00a0\u00bb font_container=\u00a0\u00bbtag:h3|text_align:left\u00a0\u00bb use_theme_fonts=\u00a0\u00bbyes\u00a0\u00bb][divider line_type=\u00a0\u00bbSmall Line\u00a0\u00bb line_alignment=\u00a0\u00bbdefault\u00a0\u00bb line_thickness=\u00a0\u00bb1&Prime; divider_color=\u00a0\u00bbaccent-color\u00a0\u00bb animate=\u00a0\u00bbyes\u00a0\u00bb custom_height=\u00a0\u00bb50&Prime; custom_line_width=\u00a0\u00bb50&Prime;][vc_column_text]Nous vous offrons des modalit\u00e9s d\u2019intervention tr\u00e8s souples et adapt\u00e9es \u00e0 vos besoins.<\/p>\n<p>En dehors de la traditionnelle formule au temps pass\u00e9, pour laquelle vous pourrez toujours opter si vous le souhaitez, nous vous proposons :<\/p>\n<ul>\n<li>des forfaits semestriels ou annuels, assortis d\u2019une clause de rendez-vous \u00e0 l\u2019issue de laquelle nous pourrons d\u00e9cider ensemble de leur \u00e9volution \u00e9ventuelle (sans facult\u00e9 de hausse pour le pass\u00e9) ;<\/li>\n<li>des engagements plafonn\u00e9s, pour des missions limit\u00e9es dans le temps et clairement d\u00e9finies ;<\/li>\n<li>la gestion en direct des conflits potentiels d\u2019int\u00e9r\u00eats, en toute transparence et avec une grande rapidit\u00e9.<\/li>\n<\/ul>\n[\/vc_column_text][\/item][\/carousel][\/vc_column][\/vc_row]\n","protected":false},"excerpt":{"rendered":"<p>[vc_row type=\u00a0\u00bbin_container\u00a0\u00bb full_screen_row_position=\u00a0\u00bbmiddle\u00a0\u00bb column_margin=\u00a0\u00bbdefault\u00a0\u00bb column_direction=\u00a0\u00bbdefault\u00a0\u00bb column_direction_tablet=\u00a0\u00bbdefault\u00a0\u00bb column_direction_phone=\u00a0\u00bbdefault\u00a0\u00bb scene_position=\u00a0\u00bbcenter\u00a0\u00bb text_color=\u00a0\u00bbdark\u00a0\u00bb text_align=\u00a0\u00bbleft\u00a0\u00bb row_border_radius=\u00a0\u00bbnone\u00a0\u00bb row_border_radius_applies=\u00a0\u00bbbg\u00a0\u00bb overlay_strength=\u00a0\u00bb0.3&Prime; gradient_direction=\u00a0\u00bbleft_to_right\u00a0\u00bb shape_divider_position=\u00a0\u00bbbottom\u00a0\u00bb bg_image_animation=\u00a0\u00bbnone\u00a0\u00bb shape_type=\u00a0\u00bb\u00a0\u00bb][vc_column column_padding=\u00a0\u00bbpadding-7-percent\u00a0\u00bb column_padding_tablet=\u00a0\u00bbinherit\u00a0\u00bb column_padding_phone=\u00a0\u00bbinherit\u00a0\u00bb column_padding_position=\u00a0\u00bball\u00a0\u00bb background_color_opacity=\u00a0\u00bb1&Prime; background_hover_color_opacity=\u00a0\u00bb1&Prime; column_shadow=\u00a0\u00bbnone\u00a0\u00bb column_border_radius=\u00a0\u00bbnone\u00a0\u00bb column_link_target=\u00a0\u00bb_self\u00a0\u00bb gradient_direction=\u00a0\u00bbleft_to_right\u00a0\u00bb overlay_strength=\u00a0\u00bb0.3&Prime; width=\u00a0\u00bb1\/1&Prime; tablet_width_inherit=\u00a0\u00bbdefault\u00a0\u00bb&#8230;<\/p>\n","protected":false},"author":1,"featured_media":0,"parent":40,"menu_order":0,"comment_status":"closed","ping_status":"closed","template":"","meta":{"footnotes":""},"class_list":["post-57","page","type-page","status-publish"],"_links":{"self":[{"href":"https:\/\/old.jptt-vitale.eu\/index.php\/wp-json\/wp\/v2\/pages\/57"}],"collection":[{"href":"https:\/\/old.jptt-vitale.eu\/index.php\/wp-json\/wp\/v2\/pages"}],"about":[{"href":"https:\/\/old.jptt-vitale.eu\/index.php\/wp-json\/wp\/v2\/types\/page"}],"author":[{"embeddable":true,"href":"https:\/\/old.jptt-vitale.eu\/index.php\/wp-json\/wp\/v2\/users\/1"}],"replies":[{"embeddable":true,"href":"https:\/\/old.jptt-vitale.eu\/index.php\/wp-json\/wp\/v2\/comments?post=57"}],"version-history":[{"count":6,"href":"https:\/\/old.jptt-vitale.eu\/index.php\/wp-json\/wp\/v2\/pages\/57\/revisions"}],"predecessor-version":[{"id":413,"href":"https:\/\/old.jptt-vitale.eu\/index.php\/wp-json\/wp\/v2\/pages\/57\/revisions\/413"}],"up":[{"embeddable":true,"href":"https:\/\/old.jptt-vitale.eu\/index.php\/wp-json\/wp\/v2\/pages\/40"}],"wp:attachment":[{"href":"https:\/\/old.jptt-vitale.eu\/index.php\/wp-json\/wp\/v2\/media?parent=57"}],"curies":[{"name":"wp","href":"https:\/\/api.w.org\/{rel}","templated":true}]}}