{"id":55,"date":"2020-08-31T18:48:23","date_gmt":"2020-08-31T16:48:23","guid":{"rendered":"http:\/\/www.jptt-vitale.eu\/?page_id=55"},"modified":"2020-09-02T23:40:52","modified_gmt":"2020-09-02T21:40:52","slug":"votre-projet","status":"publish","type":"page","link":"https:\/\/old.jptt-vitale.eu\/index.php\/droits-et-institutions\/votre-projet\/","title":{"rendered":"Votre projet"},"content":{"rendered":"[vc_row type=\u00a0\u00bbin_container\u00a0\u00bb full_screen_row_position=\u00a0\u00bbmiddle\u00a0\u00bb column_margin=\u00a0\u00bbdefault\u00a0\u00bb column_direction=\u00a0\u00bbdefault\u00a0\u00bb column_direction_tablet=\u00a0\u00bbdefault\u00a0\u00bb column_direction_phone=\u00a0\u00bbdefault\u00a0\u00bb scene_position=\u00a0\u00bbcenter\u00a0\u00bb text_color=\u00a0\u00bbdark\u00a0\u00bb text_align=\u00a0\u00bbleft\u00a0\u00bb row_border_radius=\u00a0\u00bbnone\u00a0\u00bb row_border_radius_applies=\u00a0\u00bbbg\u00a0\u00bb overlay_strength=\u00a0\u00bb0.3&Prime; gradient_direction=\u00a0\u00bbleft_to_right\u00a0\u00bb shape_divider_position=\u00a0\u00bbbottom\u00a0\u00bb bg_image_animation=\u00a0\u00bbnone\u00a0\u00bb shape_type=\u00a0\u00bb\u00a0\u00bb][vc_column column_padding=\u00a0\u00bbpadding-7-percent\u00a0\u00bb column_padding_tablet=\u00a0\u00bbinherit\u00a0\u00bb column_padding_phone=\u00a0\u00bbinherit\u00a0\u00bb column_padding_position=\u00a0\u00bball\u00a0\u00bb background_color_opacity=\u00a0\u00bb1&Prime; background_hover_color_opacity=\u00a0\u00bb1&Prime; column_shadow=\u00a0\u00bbnone\u00a0\u00bb column_border_radius=\u00a0\u00bbnone\u00a0\u00bb column_link_target=\u00a0\u00bb_self\u00a0\u00bb gradient_direction=\u00a0\u00bbleft_to_right\u00a0\u00bb overlay_strength=\u00a0\u00bb0.3&Prime; width=\u00a0\u00bb1\/1&Prime; tablet_width_inherit=\u00a0\u00bbdefault\u00a0\u00bb tablet_text_alignment=\u00a0\u00bbdefault\u00a0\u00bb phone_text_alignment=\u00a0\u00bbdefault\u00a0\u00bb column_border_width=\u00a0\u00bbnone\u00a0\u00bb column_border_style=\u00a0\u00bbsolid\u00a0\u00bb bg_image_animation=\u00a0\u00bbnone\u00a0\u00bb][vc_custom_heading source=\u00a0\u00bbpost_title\u00a0\u00bb font_container=\u00a0\u00bbtag:h2|text_align:center\u00a0\u00bb use_theme_fonts=\u00a0\u00bbyes\u00a0\u00bb][divider line_type=\u00a0\u00bbSmall Line\u00a0\u00bb line_alignment=\u00a0\u00bbcenter\u00a0\u00bb line_thickness=\u00a0\u00bb2&Prime; divider_color=\u00a0\u00bbaccent-color\u00a0\u00bb animate=\u00a0\u00bbyes\u00a0\u00bb custom_height=\u00a0\u00bb50&Prime;][carousel script=\u00a0\u00bbflickity\u00a0\u00bb flickity_formatting=\u00a0\u00bbdefault\u00a0\u00bb desktop_cols_flickity=\u00a0\u00bb1&Prime; desktop_small_cols_flickity=\u00a0\u00bb1&Prime; tablet_cols_flickity=\u00a0\u00bb1&Prime; flickity_controls=\u00a0\u00bbtouch_total\u00a0\u00bb color=\u00a0\u00bbdefault\u00a0\u00bb flickity_overflow=\u00a0\u00bbhidden\u00a0\u00bb flickity_wrap_around=\u00a0\u00bbwrap\u00a0\u00bb flickity_spacing=\u00a0\u00bbdefault\u00a0\u00bb column_padding=\u00a0\u00bb0&Prime; flickity_adaptive_height=\u00a0\u00bbtrue\u00a0\u00bb border_radius=\u00a0\u00bbnone\u00a0\u00bb][item id=\u00a0\u00bb1599082764030-1&Prime; tab_id=\u00a0\u00bb1599082764031-10&Prime; title=\u00a0\u00bb\u00c9l\u00e9ment\u00a0\u00bb][vc_custom_heading text=\u00a0\u00bbD\u00e9finir la strat\u00e9gie juridique et Institutionnelle de votre entreprise\u00a0\u00bb font_container=\u00a0\u00bbtag:h3|text_align:left\u00a0\u00bb use_theme_fonts=\u00a0\u00bbyes\u00a0\u00bb][divider line_type=\u00a0\u00bbSmall Line\u00a0\u00bb line_alignment=\u00a0\u00bbdefault\u00a0\u00bb line_thickness=\u00a0\u00bb1&Prime; divider_color=\u00a0\u00bbaccent-color\u00a0\u00bb animate=\u00a0\u00bbyes\u00a0\u00bb custom_height=\u00a0\u00bb50&Prime; custom_line_width=\u00a0\u00bb50&Prime;][vc_column_text]Aujourd\u2019hui encore, beaucoup d\u2019entreprises \u00ab subissent \u00bb la norme juridique (initiatives politiques ou projets de nouvelles r\u00e9glementations, enqu\u00eates et investigations de la part d\u2019autorit\u00e9s fran\u00e7aises ou europ\u00e9ennes, r\u00e9ception d\u2019exploits d\u2019huissiers, rupture inattendue de n\u00e9gociations, etc.).<\/p>\n<p>Or, dans un monde de plus en plus r\u00e9glement\u00e9, de plus en plus judiciaris\u00e9, de plus en plus internationalis\u00e9, la r\u00e8gle de droit est devenue une arme pour l\u2019entreprise qui a appris \u00e0 s\u2019en servir et ne se contente plus d\u2019\u00eatre r\u00e9gie par elle.<\/p>\n<p>Cela suppose une approche sur mesure, adapt\u00e9e au secteur \u00e9conomique dans lequel elle agit et aux sp\u00e9cificit\u00e9s de son organisation et de sa strat\u00e9gie.<\/p>\n<p>Cela suppose surtout :<\/p>\n<ul>\n<li>de penser le moyen et le long terme<\/li>\n<li>de r\u00e9fl\u00e9chir \u00ab hors des sentiers battus \u00bb (out of the box)<\/li>\n<li>d\u2019int\u00e9grer des probl\u00e9matiques juridiques et institutionnelles, \u00e0 Paris, \u00e0 Bruxelles et plus largement dans le monde.<\/li>\n<\/ul>\n<h3>Nous pensons pouvoir vous y aider.<\/h3>\n[\/vc_column_text][\/item][item id=\u00a0\u00bb1599082764112-8&Prime; tab_id=\u00a0\u00bb1599082764112-10&Prime; title=\u00a0\u00bb\u00c9l\u00e9ment\u00a0\u00bb][vc_custom_heading text=\u00a0\u00bbPr\u00e9parer et surveiller sa mise en \u0153uvre\u00a0\u00bb font_container=\u00a0\u00bbtag:h3|text_align:left\u00a0\u00bb use_theme_fonts=\u00a0\u00bbyes\u00a0\u00bb][divider line_type=\u00a0\u00bbSmall Line\u00a0\u00bb line_alignment=\u00a0\u00bbdefault\u00a0\u00bb line_thickness=\u00a0\u00bb1&Prime; divider_color=\u00a0\u00bbaccent-color\u00a0\u00bb animate=\u00a0\u00bbyes\u00a0\u00bb custom_height=\u00a0\u00bb50&Prime; custom_line_width=\u00a0\u00bb50&Prime;][vc_column_text]Vous souhaitez que la mise en \u0153uvre de vos projets soit assur\u00e9e sous la supervision d\u2019un professionnel exp\u00e9riment\u00e9 et rompu aux probl\u00e9matiques complexes.<\/p>\n<p>Vous esp\u00e9rez une assistance pour la d\u00e9finition de votre vision strat\u00e9gique, dans toute sa dimension de complexit\u00e9.<\/p>\n<p>Vous avez besoin d\u2019une structure souple et r\u00e9active mobilisable rapidement et capable de vous aider \u00e0 assurer la coh\u00e9rence d\u2019ensemble de vos initiatives juridiques et institutionnelles<\/p>\n<h3>Nous pensons pouvoir correspondre \u00e0 ces attentes.<\/h3>\n[\/vc_column_text][\/item][item id=\u00a0\u00bb1599082764164-10&Prime; tab_id=\u00a0\u00bb1599082764164-1&Prime; title=\u00a0\u00bb\u00c9l\u00e9ment\u00a0\u00bb][vc_custom_heading text=\u00a0\u00bbFaire face \u00e0 des contentieux hors norme\u00a0\u00bb font_container=\u00a0\u00bbtag:h3|text_align:left\u00a0\u00bb use_theme_fonts=\u00a0\u00bbyes\u00a0\u00bb][divider line_type=\u00a0\u00bbSmall Line\u00a0\u00bb line_alignment=\u00a0\u00bbdefault\u00a0\u00bb line_thickness=\u00a0\u00bb1&Prime; divider_color=\u00a0\u00bbaccent-color\u00a0\u00bb animate=\u00a0\u00bbyes\u00a0\u00bb custom_height=\u00a0\u00bb50&Prime; custom_line_width=\u00a0\u00bb50&Prime;][vc_column_text]Pour g\u00e9rer un contentieux complexe, il ne faut pas le subir mais, dans toute la mesure du possible, l\u2019anticiper puis explorer toutes les opportunit\u00e9s qu\u2019il peut ouvrir, dans une perspective offensive ou d\u00e9fensive.<\/p>\n<p>Aucune strat\u00e9gie, ni aucune tactique pr\u00e9fabriqu\u00e9e ne peut \u00eatre simplement plaqu\u00e9e sur un tel type de contentieux.<\/p>\n<p>D\u00e9finir une approche au cas par cas, la mettre en \u0153uvre de fa\u00e7on rigoureuse, pensez plusieurs coups \u00e0 l\u2019avance et explorer des voies, m\u00eames inhabituelles, supposent une r\u00e9elle exp\u00e9rience, ainsi qu\u2019un \u00e9tat d\u2019esprit d\u00e9termin\u00e9.[\/vc_column_text][\/item][\/carousel][\/vc_column][\/vc_row]\n","protected":false},"excerpt":{"rendered":"<p>[vc_row type=\u00a0\u00bbin_container\u00a0\u00bb full_screen_row_position=\u00a0\u00bbmiddle\u00a0\u00bb column_margin=\u00a0\u00bbdefault\u00a0\u00bb column_direction=\u00a0\u00bbdefault\u00a0\u00bb column_direction_tablet=\u00a0\u00bbdefault\u00a0\u00bb column_direction_phone=\u00a0\u00bbdefault\u00a0\u00bb scene_position=\u00a0\u00bbcenter\u00a0\u00bb text_color=\u00a0\u00bbdark\u00a0\u00bb text_align=\u00a0\u00bbleft\u00a0\u00bb row_border_radius=\u00a0\u00bbnone\u00a0\u00bb row_border_radius_applies=\u00a0\u00bbbg\u00a0\u00bb overlay_strength=\u00a0\u00bb0.3&Prime; gradient_direction=\u00a0\u00bbleft_to_right\u00a0\u00bb shape_divider_position=\u00a0\u00bbbottom\u00a0\u00bb bg_image_animation=\u00a0\u00bbnone\u00a0\u00bb shape_type=\u00a0\u00bb\u00a0\u00bb][vc_column column_padding=\u00a0\u00bbpadding-7-percent\u00a0\u00bb column_padding_tablet=\u00a0\u00bbinherit\u00a0\u00bb column_padding_phone=\u00a0\u00bbinherit\u00a0\u00bb column_padding_position=\u00a0\u00bball\u00a0\u00bb background_color_opacity=\u00a0\u00bb1&Prime; background_hover_color_opacity=\u00a0\u00bb1&Prime; column_shadow=\u00a0\u00bbnone\u00a0\u00bb column_border_radius=\u00a0\u00bbnone\u00a0\u00bb column_link_target=\u00a0\u00bb_self\u00a0\u00bb gradient_direction=\u00a0\u00bbleft_to_right\u00a0\u00bb overlay_strength=\u00a0\u00bb0.3&Prime; width=\u00a0\u00bb1\/1&Prime; tablet_width_inherit=\u00a0\u00bbdefault\u00a0\u00bb&#8230;<\/p>\n","protected":false},"author":1,"featured_media":0,"parent":40,"menu_order":0,"comment_status":"closed","ping_status":"closed","template":"","meta":{"footnotes":""},"class_list":["post-55","page","type-page","status-publish"],"_links":{"self":[{"href":"https:\/\/old.jptt-vitale.eu\/index.php\/wp-json\/wp\/v2\/pages\/55"}],"collection":[{"href":"https:\/\/old.jptt-vitale.eu\/index.php\/wp-json\/wp\/v2\/pages"}],"about":[{"href":"https:\/\/old.jptt-vitale.eu\/index.php\/wp-json\/wp\/v2\/types\/page"}],"author":[{"embeddable":true,"href":"https:\/\/old.jptt-vitale.eu\/index.php\/wp-json\/wp\/v2\/users\/1"}],"replies":[{"embeddable":true,"href":"https:\/\/old.jptt-vitale.eu\/index.php\/wp-json\/wp\/v2\/comments?post=55"}],"version-history":[{"count":32,"href":"https:\/\/old.jptt-vitale.eu\/index.php\/wp-json\/wp\/v2\/pages\/55\/revisions"}],"predecessor-version":[{"id":407,"href":"https:\/\/old.jptt-vitale.eu\/index.php\/wp-json\/wp\/v2\/pages\/55\/revisions\/407"}],"up":[{"embeddable":true,"href":"https:\/\/old.jptt-vitale.eu\/index.php\/wp-json\/wp\/v2\/pages\/40"}],"wp:attachment":[{"href":"https:\/\/old.jptt-vitale.eu\/index.php\/wp-json\/wp\/v2\/media?parent=55"}],"curies":[{"name":"wp","href":"https:\/\/api.w.org\/{rel}","templated":true}]}}